{"id":111,"date":"2020-05-25T11:19:05","date_gmt":"2020-05-25T09:19:05","guid":{"rendered":"http:\/\/lrdp.fr\/?page_id=111"},"modified":"2021-10-04T19:39:59","modified_gmt":"2021-10-04T17:39:59","slug":"accueil","status":"publish","type":"page","link":"http:\/\/lrdp.fr\/en\/","title":{"rendered":"Home"},"content":{"rendered":"<div  class=\"lgc-column lgc-grid-parent lgc-grid-15 lgc-tablet-grid-10 lgc-mobile-grid-0 lgc-equal-heights \"><div  class=\"inside-grid-column\">\n<\/div><\/div>\n<div  class=\"lgc-column lgc-grid-parent lgc-grid-30 lgc-tablet-grid-40 lgc-mobile-grid-100 lgc-equal-heights \"><div  class=\"inside-grid-column\">\n<img src=\"http:\/\/lrdp.fr\/wp-content\/uploads\/2020\/05\/logo-LRDP.png\" alt=\"\" width=\"200\" class=\"aligncenter size-full wp-image-115\" \/><br \/>\n<\/div><\/div>\n<div  class=\"lgc-column lgc-grid-parent lgc-grid-40 lgc-tablet-grid-40 lgc-mobile-grid-100 lgc-equal-heights \"><div  class=\"inside-grid-column\">\n<h1 style=\"margin: 2vw 0px 0px;\">Les cartes &#038; menus<\/h1>\n<\/div><\/div>\n<div  class=\"lgc-column lgc-grid-parent lgc-grid-15 lgc-tablet-grid-10 lgc-mobile-grid-0 lgc-equal-heights \"><div  class=\"inside-grid-column\">\n<\/div><\/div><div class=\"lgc-clear\"><\/div>\n<div class=\"su-spacer\" style=\"height:20px\"><\/div>\n<div class=\"su-accordion su-u-trim\">\n<div class=\"su-spoiler su-spoiler-style-simple su-spoiler-icon-plus su-spoiler-closed\" data-anchor=\"lien2\" data-scroll-offset=\"0\" data-anchor-in-url=\"no\"><div class=\"su-spoiler-title\" tabindex=\"0\" role=\"button\"><span class=\"su-spoiler-icon\"><\/span><\/p>\n<h4 style='color: #fff;'>BISTRONOMIQUE MENU<\/h4>\n<p><\/div><div class=\"su-spoiler-content su-u-clearfix su-u-trim\">\n<div class=\"su-spacer\" style=\"height:5px\"><\/div>\n<h1>Bistronomique menu<\/h1>\n<p style=\"text-align: center;\">Starter + Main 22\u20ac or Main + Dessert 19\u20ac or Starter  Main + Dessert 27\u20ac<\/p>\n<div class=\"su-spacer\" style=\"height:20px\"><\/div>\n<div style=\"border: #999 solid 1px; background-color: #ffffff; padding: 15px; text-align: center; line-height: 1.2em;\">\n<h3 style=\"color: #8B0000;\">STARTERS<\/h3>\n<p>Pumkins velout\u00e9, ravioli of the day, mustard cream, 8\u20ac<br \/>\n<span style=\"line-height: 2.2em;\">ou<\/span><br \/>\nQuinces and Haddock in crunchy leaf, 8\u20ac<\/p>\n<div class=\"su-spacer\" style=\"height:20px\"><\/div>\n<h3 style=\"color: #8B0000;\">MAIN COURSES<\/h3>\n<p>Catch of the day, seasonal fruit and vegetable stew, citrus and ginger sauce, 16\u20ac<br \/>\n<span style=\"line-height: 2.2em;\">ou<\/span><br \/>\nBeef chuck cooked with red wine from Montagne, parnish puree, 16\u20ac<\/p>\n<div class=\"su-spacer\" style=\"height:20px\"><\/div>\n<h3 style=\"color: #8B0000;\">CHEESES<\/h3>\n<p>Selection of three cheeses and condiments, 8 \u20ac<\/p>\n<div class=\"su-spacer\" style=\"height:20px\"><\/div>\n<h3 style=\"color: #8B0000;\">DESSERTS<\/h3>\n<p>Seasonnal fruit clafoutis, 10\u20ac<br \/>\n<span style=\"line-height: 2.2em;\">ou<\/span><br \/>\nCoconut biscuit and cream, roasted pineple with salt butter, flamed with rum, mango and passion fruit sorbet, 8\u20ac<br \/>\n<div class=\"su-spacer\" style=\"height:20px\"><\/div>\n<\/div>\n<div class=\"su-spacer\" style=\"height:10px\"><\/div>\n<\/div><\/div>\n<div class=\"su-spoiler su-spoiler-style-simple su-spoiler-icon-plus su-spoiler-closed\" data-anchor=\"lien3\" data-scroll-offset=\"0\" data-anchor-in-url=\"no\"><div class=\"su-spoiler-title\" tabindex=\"0\" role=\"button\"><span class=\"su-spoiler-icon\"><\/span><\/p>\n<h4 style='color: #fff;'>GOURMET MENU<\/h4>\n<p><\/div><div class=\"su-spoiler-content su-u-clearfix su-u-trim\">\n<div class=\"su-spacer\" style=\"height:5px\"><\/div>\n<h1>Gourmet menu<\/h1>\n<p style=\"text-align: center;\">Starter \/ Main 42\u20ac ou Main \/ Dessert 39\u20ac \u00a0\u00a0\u25cf\u00a0\u00a0 Starter \/ Main \/ Dessert 46\u20ac<\/p>\n<div class=\"su-spacer\" style=\"height:20px\"><\/div>\n<div style=\"border: #999 solid 1px; background-color: #ffffff; padding: 15px; text-align: center; line-height: 1.2em;\">\n<h3 style=\"color: #8B0000;\">STARTERS<\/h3>\n<p>Tuna medaillions snacked with soft spices, fine sliced black raddish and ginger, lobster bisque, beetroot and lime, 27\u20ac<br \/>\n<span style=\"line-height: 2.2em;\">ou<\/span><br \/>\nDuck foie gras \u201cmi cuit\u201d with spices, candied pear and apple with cinnamon, nuts and Muscat wine caramel, 27\u20ac<br \/>\n<span style=\"line-height: 2.2em;\">ou<\/span><br \/>\nSnails and chanterelles mushrooms in Villeroy style, 27\u20ac<\/p>\n<div class=\"su-spacer\" style=\"height:20px\"><\/div>\n<h3 style=\"color: #8B0000;\">MAIN COURSES<\/h3>\n<p>Catch of the day, white beans, shellfish and herbs broth, 34\u20ac<br \/>\n<br \/>\n<span style=\"line-height: 2.2em;\">ou<\/span><br \/>\nRoasted rack of pork from Iba\u00efama, Roscoff Oignon candied with black pudding, pear and hazelnuts, mashed potatoes, 34\u20ac<br \/>\n<span style=\"line-height: 2.2em;\">ou<\/span><br \/>\nRoasted duck with figs and blackcurrant, pomkins puree, rice French fries, 34\u20ac<br \/>\n<span style=\"line-height: 2.2em;\">ou<\/span><br \/>\nVintage Sturia Caviar (20g), sturgeon marinated with pepper, crousty potatoes, mussel velout\u00e9 with saffron, 45\u20ac (supp 30\u20ac) <\/p>\n<div class=\"su-spacer\" style=\"height:20px\"><\/div>\n<h3 style=\"color: #8B0000;\">CHEESES<\/h3>\n<p>Selection of three cheeses and condiments, 6 \u20ac<\/p>\n<div class=\"su-spacer\" style=\"height:20px\"><\/div>\n<h3 style=\"color: #8B0000;\">DESSERTS<\/h3>\n<p>Figs, almond and orange pastilla, chef surprise sorbet, 10\u20ac<br \/>\n<span style=\"line-height: 2.2em;\">ou<\/span><br \/>\nChocolate souffle, glace vanilla Chartreuse (To order at the beginning of the meal), 12\u20ac<br \/>\n<span style=\"line-height: 2.2em;\">ou<\/span><br \/>\nChesnut and blackcurrant macaroon, grapefruit sorbet, 10\u20ac<br \/>\n<div class=\"su-spacer\" style=\"height:20px\"><\/div>\n<\/div>\n<div class=\"su-spacer\" style=\"height:10px\"><\/div>\n<\/div><\/div>\n<div class=\"su-spoiler su-spoiler-style-simple su-spoiler-icon-plus su-spoiler-closed\" data-anchor=\"lien4\" data-scroll-offset=\"0\" data-anchor-in-url=\"no\"><div class=\"su-spoiler-title\" tabindex=\"0\" role=\"button\"><span class=\"su-spoiler-icon\"><\/span><\/p>\n<h4 style='color: #fff;'>SUNDAY LUNCH MENU<\/h4>\n<p><\/div><div class=\"su-spoiler-content su-u-clearfix su-u-trim\">\n<div class=\"su-spacer\" style=\"height:5px\"><\/div>\n<h1>La carte D\u00e9jeuner dominical<\/h1>\n<p style=\"text-align: center;\">Starter + Main or Main + Dessert 29\u20ac \u00a0\u00a0\u25cf\u00a0\u00a0 Starter + Main + Dessert 35\u20ac<\/p>\n<div class=\"su-spacer\" style=\"height:20px\"><\/div>\n<div style=\"border: #999 solid 1px; background-color: #ffffff; padding: 15px; text-align: center; line-height: 1.2em;\">\n<h3 style=\"color: #8B0000;\">STARTERS<\/h3>\n<p>Meat pie and foie gras, mango and pineapple chutney<br \/>\n<span style=\"line-height: 2.2em;\">ou<\/span><br \/>\nMussels veloute, ham from Pays Basque and gressini<\/p>\n<div class=\"su-spacer\" style=\"height:20px\"><\/div>\n<h3 style=\"color: #8B0000;\">MAIN COURSES<\/h3>\n<p>Potatoes and duck confit \u201cParmentier style\u201d, Tandoori chips<br \/>\n<span style=\"line-height: 2.2em;\">ou<\/span><br \/>\nFish tartar, polenta French fried, green salad<\/p>\n<div class=\"su-spacer\" style=\"height:20px\"><\/div>\n<h3 style=\"color: #8B0000;\">CHEESES OR DESSERTS<\/h3>\n<p>Floating island with red fruit, blackcurrant custard<br \/>\n<span style=\"line-height: 2.2em;\">ou<\/span><br \/>\nAlmond, hazelnut and figs entremets, basil sorbet<br \/>\n<div class=\"su-spacer\" style=\"height:20px\"><\/div>\n<\/div>\n<div class=\"su-spacer\" style=\"height:10px\"><\/div>\n<\/div><\/div>\n<div class=\"su-spoiler su-spoiler-style-simple su-spoiler-icon-plus su-spoiler-closed\" data-anchor=\"lien5\" data-scroll-offset=\"0\" data-anchor-in-url=\"no\"><div class=\"su-spoiler-title\" tabindex=\"0\" role=\"button\"><span class=\"su-spoiler-icon\"><\/span><\/p>\n<h4 style='color: #fff;'>DRINKS MENU<\/h4>\n<p><\/div><div class=\"su-spoiler-content su-u-clearfix su-u-trim\">\n<h1>Alcools &#038; softs<\/h1>\n<div style=\"border: #999 solid 1px; background-color: #ffffff; padding: 15px; text-align: left; line-height: 1.2em;\">\n<h3 style=\"color: #00758c;\">LES KIRS (12cl)<\/h3>\n<ul style=\"line-height: 1.8em;\">\n<li>Au champagne (cassis, m\u00fbre, framboise, p\u00eache), 13\u20ac<\/li>\n<li>Au vin blanc (cassis, m\u00fbre, framboise, p\u00eache), 6\u20ac<\/li>\n<\/ul>\n<h3 style=\"color: #00758c;\">LES COCKTAILS (12cl)<\/h3>\n<ul style=\"line-height: 1.8em;\">\n<li>Cocktail de la R\u00e9serve (rhum, sucre de canne, jus de pamplemoussepoivre de Timut), 9\u20ac<\/li>\n<li>Americano maison (martini rouge et dry, campari), 10\u20ac<\/li>\n<li>L\u2019Indien (Orangina et sirop de grenadine), 4,30\u20ac<\/li>\n<li>Cocktail de jus de fruits, 7\u20ac<\/li>\n<\/ul>\n<h3 style=\"color: #00758c;\">AP\u00c9RITIFS CLASSIQUES (6cl)<\/h3>\n<ul style=\"line-height: 1.8em;\">\n<li>Martini rouge ou blanc, 5\u20ac<\/li>\n<li>Lillet rouge ou blanc, 5\u20ac<\/li>\n<li>Pineau des Charentes, 5\u20ac<\/li>\n<li>Porto rouge, 5\u20ac<\/li>\n<\/ul>\n<h3 style=\"color: #00758c;\">AP\u00c9RITIFS ANIS\u00c9S (2cl)<\/h3>\n<ul style=\"line-height: 1.8em;\">\n<li>Ricard, 4\u20ac<\/li>\n<li>Pastis 51, 4\u20ac<\/li>\n<\/ul>\n<h3 style=\"color: #00758c;\">LES SOFTS <\/h3>\n<ul style=\"line-height: 1.8em;\">\n<li>Coca-Cola, z\u00e9ro (33cl), 3,80\u20ac<\/li>\n<li>Schweppes (33 cl), 3,80\u20ac<\/li>\n<li>Orangina (25cl), 3,80\u20ac<\/li>\n<li>Perrier (33cl), 3,80\u20ac<\/li>\n<li>Limonade (25cl), 3\u20ac<\/li>\n<li>Jus de tomate (20cl), 3,50\u20ac<\/li>\n<li>Fuze tea (25cl), 3,50\u20ac<\/li>\n<li>Suppl\u00e9ment sirop (fraise, grenadine, menthe, p\u00eache), 0,50\u20ac<\/li>\n<\/ul>\n<h3 style=\"color: #00758c;\">LES EAUX (75cl)<\/h3>\n<ul style=\"line-height: 1.8em;\">\n<li>Cryo plate, 5\u20ac<\/li>\n<li>Cryo p\u00e9tillante (fines bulles non sal\u00e9es), 5\u20ac<\/li>\n<li>Abatilles p\u00e9tillante, Chateldon, 5\u20ac<\/li>\n<\/ul>\n<h3 style=\"color: #00758c;\">WHISKIES (4cl)<\/h3>\n<ul style=\"line-height: 1.8em;\">\n<li>Chivas R\u00e9gal, 9,50\u20ac<\/li>\n<li>William Lawson, 5\u20ac<\/li>\n<li>Jack Daniel\u2019s, 6\u20ac<\/li>\n<li>Jameson, 8\u20ac<\/li>\n<li>Bellevoye Rouge, 15\u20ac<\/li>\n<li>Moon Harbour Finition f\u00fbt de pipeau, 12\u20ac<\/li>\n<li>Guillon finition Sauternes, 17\u20ac<\/li>\n<\/ul>\n<h3 style=\"color: #00758c;\">LES GINS (4cl)<\/h3>\n<ul style=\"line-height: 1.8em;\">\n<li>Old Lady\u2019s, 6\u20ac<\/li>\n<li>Christian Drouin, 11\u20ac<\/li>\n<\/ul>\n<h3 style=\"color: #00758c;\">LES VODKAS (4cl)<\/h3>\n<ul style=\"line-height: 1.8em;\">\n<li>Absolut, 6\u20ac<\/li>\n<li>Grey Goose, 8,50\u20ac<\/li>\n<\/ul>\n<h3 style=\"color: #00758c;\">LES COGNACS (4cl)<\/h3>\n<ul style=\"line-height: 1.8em;\">\n<li>Gautier VS, 10\u20ac<\/li>\n<li>Ch\u00e2teau Beaulon 7 ans, 12\u20ac<\/li>\n<li>Fanny Fougerat petite Cig\u00fbe, VSOP, 15\u20ac<\/li>\n<li>Fanny Fougerat C\u00e8dre blanc XO, 20\u20ac<\/li>\n<\/ul>\n<h3 style=\"color: #00758c;\">LES ARMAGNACS (4cl)<\/h3>\n<ul style=\"line-height: 1.8em;\">\n<li>Gelas, 10\u20ac<\/li>\n<li>Ch\u00e2teau Pierron, 13\u20ac<\/li>\n<li>Delord 1988, 16\u20ac<\/li>\n<li>Dartigalongue 1978, 20\u20ac<\/li>\n<\/ul>\n<h3 style=\"color: #00758c;\">EAU DE VIE DE POIRE (4cl)<\/h3>\n<ul style=\"line-height: 1.8em;\">\n<li>Poire William Brana, 12\u20ac<\/li>\n<\/ul>\n<h3 style=\"color: #00758c;\">AUTRES ALCOOLS (4cl)<\/h3>\n<ul style=\"line-height: 1.8em;\">\n<li>Rhum brun Bacardi Carta Oro, 6\u20ac<\/li>\n<li>Rhum blanc Cl\u00e9ment Select, 7,50\u20ac<\/li>\n<li>Tequila San Jos\u00e9, 6\u20ac<\/li>\n<li>Get 27, 8\u20ac<\/li>\n<\/ul>\n<h3 style=\"color: #00758c;\">LES BI\u00c8RES BOUTEILLES (33cl)<\/h3>\n<ul style=\"line-height: 1.8em;\">\n<li>Leffe blonde, 6\u20ac<\/li>\n<li>1664, 4,50\u20ac<\/li>\n<li>Heineken, 4,50\u20ac<\/li>\n<\/ul>\n<h3 style=\"color: #00758c;\">JUS DE FRUITS (12cl)<\/h3>\n<ul style=\"line-height: 1.8em;\">\n<li>Carotte-gingembre, 7\u20ac<\/li>\n<li>Orange ou citron press\u00e9, 5,50\u20ac<\/li>\n<\/ul>\n<h3 style=\"color: #00758c;\">LES CAF\u00c9S (Nespresso)<\/h3>\n<ul style=\"line-height: 1.8em;\">\n<li>Ristretto, d\u00e9caf\u00e9in\u00e9, 2,50\u20ac<\/li>\n<li>Cappuccino, 5\u20ac<\/li>\n<li>Chocolat maison (Valrhona), 5\u20ac<\/li>\n<li>Noisette, 3\u20ac<\/li>\n<li>Suppl\u00e9ment lait, 0,50\u20ac<\/li>\n<\/ul>\n<h3 style=\"color: #00758c;\">LES TH\u00c9S<\/h3>\n<ul style=\"line-height: 1.8em;\">\n<li>Demandez notre s\u00e9lection, 3,50\u20ac<\/li>\n<\/ul>\n<h3 style=\"color: #00758c;\">LES INFUSIONS<\/h3>\n<ul style=\"line-height: 1.8em;\">\n<li>Camomille Bio, 3,50\u20ac<\/li>\n<li>Verveine menthe Bio, 3,50\u20ac<\/li>\n<\/ul>\n<\/div>\n<div class=\"su-spacer\" style=\"height:20px\"><\/div>\n<div class=\"su-spacer\" style=\"height:5px\"><\/div>\n<h1>La carte des vins<\/h1>\n<p>Notre carte des vins s\u2019enrichit au fil des jours. Nous souhaitons promouvoir les vins des satellites de Saint Emilion, vins de vignerons talentueux et dynamiques, grandis \u00e0 l\u2019ombre des g\u00e9ants de Saint Emilion et de Pomerol dont ils ont les qualit\u00e9s, mais avec d\u2019excellents rapport prix plaisir. Une bouteille entam\u00e9e non termin\u00e9e est une bouteille emport\u00e9e chez vous !<\/p>\n<p>Quelques exemples :<\/p>\n<div class=\"su-spacer\" style=\"height:20px\"><\/div>\n<div style=\"border: #999 solid 1px; background-color: #ffffff; padding: 15px; text-align: left; line-height: 1.2em;\">\n<div class=\"su-spacer\" style=\"height:20px\"><\/div>\n<h3 style=\"color: #8B0000; text-align: center;\">OUR SELECTION OF THE MONTH<\/h3>\n<hr>\n<ul style=\"line-height: 1.8em;\">\n<li>Fleur Amandine, ch\u00e2teau Dubois-Challon 2018, Bordeaux blanc, M. Delbeck, 28\u20ac (75cl)<\/li>\n<li>Vieux ch\u00e2teau Saint-Andr\u00e9 2015, Montagne Saint-Emilion, M. Berrouet, 35\u20ac (75cl)<\/li>\n<\/ul>\n<div class=\"su-spacer\" style=\"height:20px\"><\/div>\n<h3 style=\"color: #8B0000; text-align: center;\">VINS ROUGES<\/h3>\n<hr>\n<h3 style=\"color: #00758c;\">MONTAGNE SAINT-EMILION<\/h3>\n<ul style=\"line-height: 1.8em;\">\n<li>La R\u00e9serve du Presbyt\u00e8re 2017, 25\u20ac (75cl) ou 5\u20ac (12,5cl)<\/li>\n<li>Ch\u00e2teau Tour Bayard 2014, 37\u20ac (75cl)<\/li>\n<li>Ch\u00e2teau Corbin 2015, 28\u20ac (75cl)<\/li>\n<li>Concerto 2015, 45\u20ac (75cl)<\/li>\n<li>Concerto 2013, 7\u20ac (12,5cl)<\/li>\n<li>Ch\u00e2teau Haut Musset 2015, 35\u20ac (75cl)<\/li>\n<li>Ch\u00e2teau Haut-Goujon 2015, 38\u20ac (75cl)<\/li>\n<li>Ch\u00e2teau Bellevue 2009, 62\u20ac(75cl)<\/li>\n<li>Ch\u00e2teau vieux Bonneau 2015, 29\u20ac (75cl)<\/li>\n<li>Ch\u00e2teau L&#8217;Art de Maison Neuve 2015, 37\u20ac (75cl)<\/li>\n<li>Ch\u00e2teau Haute-Faucherie, perles de vignes 2018, 39\u20ac (75cl)<\/li>\n<li>Vieux Ch\u00e2teau Saint Andr\u00e9 2015, 35\u20ac (75cl)<\/li>\n<\/ul>\n<h3 style=\"color: #00758c;\">SAINT-GEORGES SAINT-EMILION <\/h3>\n<ul style=\"line-height: 1.8em;\">\n<li>Ch\u00e2teau Belair Saint-Georges 2016, 45\u20ac\u00a0(75cl)\u00a0<\/li>\n<li>Clos Albertus 2015, 40\u20ac(75cl) <\/li>\n<li>Ch\u00e2teau Galon 2012, 41\u20ac (75cl)<\/li>\n<li>Ch\u00e2teau Cap Saint-Georges 2015, 55\u20ac(75cl)<\/li>\n<li>\u00c2me de Saint-Georges 2015, 45\u20ac(75cl)<\/li>\n<li>Ch\u00e2teau Tour du Pas Saint-Georges 2015, 38\u20ac (75cl)<\/li>\n<\/ul>\n<h3 style=\"color: #00758c;\">LUSSAC SAINT-EMILION <\/h3>\n<ul style=\"line-height: 1.8em;\">\n<li>La Rose Perri\u00e8re 2015, 42\u20ac (75cl) ou 9\u20ac (12,5cl)<\/li>\n<li>Ch\u00e2teau de la Greni\u00e8re 2014, 26\u20ac (75cl)<\/li>\n<\/ul>\n<h3 style=\"color: #00758c;\">LALANDE DE POMEROL <\/h3>\n<ul style=\"line-height: 1.8em;\">\n<li>Ch\u00e2teau Haut-Goujon 2015, 60\u20ac (75cl) ou 12\u20ac (12,5cl)<\/li>\n<li>Ch\u00e2teau Haut Goujon 2010, 72\u20ac (75cl)<\/li>\n<li>Ch\u00e2teau Haut Goujon cuv\u00e9e libert\u00e9 2015, 81\u20ac(75cl) <\/li>\n<li>Ch\u00e2teau \u00c2me de Musset 2012, 44\u20ac (75cl)<\/li>\n<li>Ch\u00e2teau Tournefeuille 2012, 58\u20ac (75cl)<\/li>\n<\/ul>\n<h3 style=\"color: #00758c;\">BORDEAUX<\/h3>\n<ul style=\"line-height: 1.8em;\">\n<li>Origami 2018, 35\u20ac (75cl)<\/li>\n<li>Ipsum \u00ab Carm\u00e9n\u00e8re \u00bb 2018, 22\u20ac (75cl)<\/li>\n<\/ul>\n<h3 style=\"color: #00758c;\">FRONSAC<\/h3>\n<ul style=\"line-height: 1.8em;\">\n<li>Clos Candelavres 2012, 37\u20ac (75cl)<\/li>\n<\/ul>\n<h3 style=\"color: #00758c;\">POMEROL<\/h3>\n<ul style=\"line-height: 1.8em;\">\n<li>Ch\u00e2teau Haut-Trochaud 2014, 72\u20ac (75cl)<\/li>\n<li>Clos du clocher 2012, 79\u20ac (75cl)<\/li>\n<li>Ch\u00e2teau Bonalgue 2012, 75\u20ac (75cl)<\/li>\n<\/ul>\n<h3 style=\"color: #00758c;\">SAINT-EMILION GRAND CRU<\/h3>\n<ul style=\"line-height: 1.8em;\">\n<li>Ch\u00e2teau Corbin Michotte 2014, 62\u20ac (75cl)<\/li>\n<li>N\u00b03 d\u2019Ang\u00e9lus 2015, 79\u20ac (75cl)<\/li>\n<li>Ch\u00e2teau Haut-Pontet 2010, 52\u20ac (75cl)<\/li>\n<li>Les jardins de Soutard 2014, 48\u20ac (75cl)<\/li>\n<li>Le Cadet de Larmande 2015, 45\u20ac (75cl)<\/li>\n<li>L\u2019esprit de Jean Voisin 2015, 60\u20ac (75cl) ou 12\u20ac (12,5cl)<\/li>\n<li>H\u00e9ritage de Monlot 2015, 85\u20ac (75cl)<\/li>\n<\/ul>\n<h3 style=\"color: #00758c;\">SAINT-EMILION GRAND CRU CLASS\u00c9<\/h3>\n<ul style=\"line-height: 1.8em;\">\n<li>Ch\u00e2teau Laroze 2014, 90\u20ac (75cl)<\/li>\n<li>Ch\u00e2teau Laroze 2012, 85\u20ac (75cl)<\/li>\n<li>Ch\u00e2teau Laroze 2016, 115\u20ac (75cl)<\/li>\n<li>Ch\u00e2teau Soutard 2012, 115\u20ac (75cl)<\/li>\n<li>Ch\u00e2teau L\u2019Ev\u00each\u00e9 2012, 95\u20ac (75cl)<\/li>\n<li>Ch\u00e2teau La Dominique 2014, 120\u20ac (75cl)<\/li>\n<\/ul>\n<h3 style=\"color: #00758c;\">HAUT-MEDOC<\/h3>\n<ul style=\"line-height: 1.8em;\">\n<li>Ch\u00e2teau Cl\u00e9ment-Pichon 2014, 70\u20ac (75cl)<\/li>\n<\/ul>\n<h3 style=\"color: #00758c;\">HORS REGION<\/h3>\n<ul style=\"line-height: 1.8em;\">\n<li>C\u00f4tes du Roussillon Village, Clos des f\u00e9es, Les sorci\u00e8res, 2018, 35\u20ac (75cl)<\/li>\n<li>C\u00f4tes R\u00f4tie, Gaillard, 2017, 95\u20ac (75cl)<\/li>\n<li>Santenay Girardin 1er Cru Les Gravi\u00e8res, 2015, 82\u20ac (75cl)<\/li>\n<\/ul>\n<div class=\"su-spacer\" style=\"height:20px\"><\/div>\n<h3 style=\"color: #8B0000; text-align: center;\">VINS ROS\u00c9S<\/h3>\n<hr>\n<ul style=\"line-height: 1.8em;\">\n<li>Origami, C\u00f4tes de Provence 2019, 35\u20ac (75cl) ou 7\u20ac (12,5cl)<\/li>\n<li>Ch\u00e2teau Le Grand Verdus, Bordeaux 2019, 26\u20ac (75cl) ou 5.5O\u20ac (12,5cl)<\/li>\n<li>Ch\u00e2teau Du Claouset, Bordeaux 2019, 18\u20ac (75cl)<\/li>\n<\/ul>\n<div class=\"su-spacer\" style=\"height:20px\"><\/div>\n<h3 style=\"color: #8B0000; text-align: center;\">VINS BLANCS<\/h3>\n<hr>\n<h3 style=\"color: #00758c;\">VIN BLANC SEC DE BORDEAUX<\/h3>\n<ul style=\"line-height: 1.8em;\">\n<li>Fleur Amandine, ch\u00e2teau Dubois-Challon 2018, 28\u20ac (75cl) ou 6\u20ac (12,5cl)<\/li>\n<li>Ch\u00e2teau Le Grand Verdus, Bordeaux 2019, 26\u20ac (75cl) ou 5.5O\u20ac (12,5cl)<\/li>\n<li>Ch\u00e2teau Du Claouset, Bordeaux 2018, 18\u20ac (75cl) ou 5.5O\u20ac (12,5cl)<\/li>\n<\/ul>\n<h3 style=\"color: #00758c;\">VINS BLANCS SEC HORS REGION<\/h3>\n<ul style=\"line-height: 1.8em;\">\n<li>Delobel, Touraine, 100% Sauvignon 2019, 32\u20ac (75cl)<\/li>\n<li>Clos du Ch\u00e2teau, Meursault, Bourgogne 2018, 59\u20ac (75cl)<\/li>\n<li>Chablis Chemilly, 2018 Bourgogne, 43\u20ac (75cl)<\/li>\n<li>Vouvray, Fouquet Bernard, Silex, Val de Loire 2019, 32\u20ac (75cl) ou 7\u20ac (12,5cl)<\/li>\n<li>Sancerre, cuv\u00e9e Pierre Etienne 215, 87\u20ac (75cl)<\/li>\n<\/ul>\n<h3 style=\"color: #00758c;\">VINS BLANCS LIQUOREUX<\/h3>\n<ul style=\"line-height: 1.8em;\">\n<li>Ch\u00e2teau La fleur des pins, Graves 2016, 38\u20ac (75cl) ou 8\u20ac (12,5cl)<\/li>\n<li>Ch\u00e2teau l&#8217;Ilot de Haut Bergeron, Sauternes 2016, 48\u20ac (75cl) ou 12\u20ac (12,5cl)<\/li>\n<\/ul>\n<div class=\"su-spacer\" style=\"height:20px\"><\/div>\n<h3 style=\"color: #8B0000; text-align: center;\">CHAMPAGNES<\/h3>\n<hr>\n<ul style=\"line-height: 1.8em;\">\n<li>Mathelin, Extra Brut, 50\u20ac (75cl)<\/li>\n<li>Mathelin, Ros\u00e9, Rose des Vignes, 60\u20ac (75cl)<\/li>\n<li>Laurent-Perrier La cuv\u00e9e, 70\u20ac (75cl) ou 13\u20ac (12,5cl)<\/li>\n<li>Laurent-Perrier cuv\u00e9e Ros\u00e9 habillage 2009, 950\u20ac (75cl) ou 16\u20ac (12,5cl)<\/li>\n<li>Laurent-Perrier cuv\u00e9e Grand-si\u00e8cle, 150\u20ac (75cl)<\/li>\n<\/ul>\n<div class=\"su-spacer\" style=\"height:20px\"><\/div>\n<h3 style=\"color: #8B0000; text-align: center;\">CREMANTS<\/h3>\n<hr>\n<ul style=\"line-height: 1.8em;\">\n<li>Bellevue Saint-Martin brut blanc, 32\u20ac (75cl)<\/li>\n<li>Bellevue Saint-Martin brut ros\u00e9, 36\u20ac (75cl)<\/li>\n<\/ul>\n<\/div>\n<\/div><\/div>\n<\/div>\n<div class=\"su-spacer\" style=\"height:20px\"><\/div>\n<hr>\n<div class=\"su-spacer\" style=\"height:10px\"><\/div>\n<p style=\"text-align: center;\">Chef de cuisine : Jean-Fran\u00e7ois ROBERT\u00a0\u00a0\u25cf\u00a0 Merci de nous signaler vos allergies et intol\u00e9rances alimentaires\u00a0\u00a0\u25cf\u00a0 Tous nos plats sont faits maison \u00e0 base d\u2019authentiques produits frais du terroir.<\/p>\n","protected":false},"excerpt":{"rendered":"<p>Chef de cuisine : Jean-Fran\u00e7ois ROBERT\u00a0\u00a0\u25cf\u00a0 Merci de nous signaler vos allergies et intol\u00e9rances alimentaires\u00a0\u00a0\u25cf\u00a0 Tous nos plats sont faits maison \u00e0 base d\u2019authentiques produits frais du terroir.<\/p>\n","protected":false},"author":1,"featured_media":0,"parent":0,"menu_order":0,"comment_status":"closed","ping_status":"closed","template":"templates\/template-full-notitle.php","meta":[],"translation":{"provider":"WPGlobus","version":"2.7.14","language":"en","enabled_languages":["fr","en"],"languages":{"fr":{"title":true,"content":true,"excerpt":false},"en":{"title":true,"content":true,"excerpt":false}}},"_links":{"self":[{"href":"http:\/\/lrdp.fr\/en\/wp-json\/wp\/v2\/pages\/111"}],"collection":[{"href":"http:\/\/lrdp.fr\/en\/wp-json\/wp\/v2\/pages"}],"about":[{"href":"http:\/\/lrdp.fr\/en\/wp-json\/wp\/v2\/types\/page"}],"author":[{"embeddable":true,"href":"http:\/\/lrdp.fr\/en\/wp-json\/wp\/v2\/users\/1"}],"replies":[{"embeddable":true,"href":"http:\/\/lrdp.fr\/en\/wp-json\/wp\/v2\/comments?post=111"}],"version-history":[{"count":46,"href":"http:\/\/lrdp.fr\/en\/wp-json\/wp\/v2\/pages\/111\/revisions"}],"predecessor-version":[{"id":457,"href":"http:\/\/lrdp.fr\/en\/wp-json\/wp\/v2\/pages\/111\/revisions\/457"}],"wp:attachment":[{"href":"http:\/\/lrdp.fr\/en\/wp-json\/wp\/v2\/media?parent=111"}],"curies":[{"name":"wp","href":"https:\/\/api.w.org\/{rel}","templated":true}]}}